{"id":1616,"date":"2023-02-13T13:07:50","date_gmt":"2023-02-13T18:07:50","guid":{"rendered":"https:\/\/ggefoodpantry.org\/?page_id=1616"},"modified":"2025-02-10T13:09:11","modified_gmt":"2025-02-10T18:09:11","slug":"frequently-asked-questions","status":"publish","type":"page","link":"https:\/\/ggefoodpantry.org\/es\/frequently-asked-questions\/","title":{"rendered":"Preguntas frecuentes"},"content":{"rendered":"<div id=\"pl-1616\"  class=\"panel-layout\" ><div id=\"pg-1616-0\"  class=\"panel-grid panel-no-style\" ><div id=\"pgc-1616-0-0\"  class=\"panel-grid-cell\" ><div id=\"panel-1616-0-0-0\" class=\"so-panel widget widget_sow-editor panel-first-child\" data-index=\"0\" ><div\n\t\t\t\n\t\t\tclass=\"so-widget-sow-editor so-widget-sow-editor-base\"\n\t\t\t\n\t\t><h3 class=\"widget-title\">\u00bfC\u00f3mo consigo comida?<\/h3>\n<div class=\"siteorigin-widget-tinymce textwidget\">\n\t<p>Ven a la despensa en cualquier momento el martes o jueves entre las 10 y las 2 o el mi\u00e9rcoles entre las 4 y las 6:30. Deber\u00e1s completar el formulario de registro, as\u00ed como un formulario de certificaci\u00f3n y proporcionar un comprobante de residencia anualmente.<\/p>\n<\/div>\n<\/div><\/div><div id=\"panel-1616-0-0-1\" class=\"so-panel widget widget_sow-editor\" data-index=\"1\" ><div\n\t\t\t\n\t\t\tclass=\"so-widget-sow-editor so-widget-sow-editor-base\"\n\t\t\t\n\t\t><h3 class=\"widget-title\">\u00bfNecesito llevar alg\u00fan documento?<\/h3>\n<div class=\"siteorigin-widget-tinymce textwidget\">\n\t<p>S\u00ed, debe mostrar comprobante de residencia. Una identificaci\u00f3n v\u00e1lida emitida por el estado (licencia de conducir, tarjeta SNAP, etc.) o una pieza de correo que tenga su nombre y direcci\u00f3n actuales son documentos aceptables.<\/p>\n<\/div>\n<\/div><\/div><div id=\"panel-1616-0-0-2\" class=\"so-panel widget widget_sow-editor\" data-index=\"2\" ><div\n\t\t\t\n\t\t\tclass=\"so-widget-sow-editor so-widget-sow-editor-base\"\n\t\t\t\n\t\t><h3 class=\"widget-title\">\u00bfTengo que vivir en Geneseo?<\/h3>\n<div class=\"siteorigin-widget-tinymce textwidget\">\n\t<p>Ofrecemos asistencia alimentaria a quienes la necesitan y viven en el Distrito Escolar Central de Geneseo.<\/p>\n<\/div>\n<\/div><\/div><div id=\"panel-1616-0-0-3\" class=\"so-panel widget widget_sow-editor\" data-index=\"3\" ><div\n\t\t\t\n\t\t\tclass=\"so-widget-sow-editor so-widget-sow-editor-base\"\n\t\t\t\n\t\t><h3 class=\"widget-title\">\u00bfQu\u00e9 pasa si no vivo dentro del Distrito Escolar Central de Geneseo?<\/h3>\n<div class=\"siteorigin-widget-tinymce textwidget\">\n\t<p>Si no vive dentro del Distrito Escolar Central de Geneseo, le recomendamos que utilice su despensa de alimentos local. Puede encontrar m\u00e1s informaci\u00f3n en el sitio web de Foodlink en <a href=\"https:\/\/foodlinkny.org\/find-food\/\">https:\/\/foodlinkny.org\/find-food\/<\/a><\/p>\n<\/div>\n<\/div><\/div><div id=\"panel-1616-0-0-4\" class=\"so-panel widget widget_sow-editor\" data-index=\"4\" ><div\n\t\t\t\n\t\t\tclass=\"so-widget-sow-editor so-widget-sow-editor-base\"\n\t\t\t\n\t\t><h3 class=\"widget-title\">\u00bfQu\u00e9 es una atestaci\u00f3n?<\/h3>\n<div class=\"siteorigin-widget-tinymce textwidget\">\n\t<p>Una certificaci\u00f3n es un formulario que el cliente debe completar y conservar en el archivo de la despensa de alimentos. Se utiliza para certificar que usted es elegible para recibir alimentos del Programa de Asistencia Alimentaria de Emergencia (TEFAP) porque recibe asistencia de otros programas o cumple con las pautas de elegibilidad de ingresos. El USDA y el estado de Nueva York requieren este documento.<\/p>\n<\/div>\n<\/div><\/div><div id=\"panel-1616-0-0-5\" class=\"so-panel widget widget_sow-editor\" data-index=\"5\" ><div\n\t\t\t\n\t\t\tclass=\"so-widget-sow-editor so-widget-sow-editor-base\"\n\t\t\t\n\t\t><h3 class=\"widget-title\">\u00bfD\u00f3nde te encuentras?<\/h3>\n<div class=\"siteorigin-widget-tinymce textwidget\">\n\t<p>Estamos en 31 Center Street en Geneseo, en el s\u00f3tano de la Iglesia Presbiteriana Central en la esquina de las calles Center y Second. La puerta de entrada da a Second Street.<\/p>\n<\/div>\n<\/div><\/div><div id=\"panel-1616-0-0-6\" class=\"so-panel widget widget_sow-editor\" data-index=\"6\" ><div\n\t\t\t\n\t\t\tclass=\"so-widget-sow-editor so-widget-sow-editor-base\"\n\t\t\t\n\t\t><h3 class=\"widget-title\">\u00bfCuales son sus horarios?<\/h3>\n<div class=\"siteorigin-widget-tinymce textwidget\">\n\t<p>Estamos abiertos martes y jueves de 10 a 14 h y mi\u00e9rcoles de 16 a 18:30 h.<\/p>\n<\/div>\n<\/div><\/div><div id=\"panel-1616-0-0-7\" class=\"so-panel widget widget_sow-editor\" data-index=\"7\" ><div\n\t\t\t\n\t\t\tclass=\"so-widget-sow-editor so-widget-sow-editor-base\"\n\t\t\t\n\t\t><h3 class=\"widget-title\">\u00bfCu\u00e1ntas veces puedo hacer uso de la Despensa de Alimentos?<\/h3>\n<div class=\"siteorigin-widget-tinymce textwidget\">\n\t<p>Los residentes locales que viven dentro del Distrito Escolar Central de Geneseo pueden usar la despensa 2 veces al mes.<\/p>\n<\/div>\n<\/div><\/div><div id=\"panel-1616-0-0-8\" class=\"so-panel widget widget_sow-editor panel-last-child\" data-index=\"8\" ><div\n\t\t\t\n\t\t\tclass=\"so-widget-sow-editor so-widget-sow-editor-base\"\n\t\t\t\n\t\t><h3 class=\"widget-title\">\u00bfPuedo recoger comida para otros?<\/h3>\n<div class=\"siteorigin-widget-tinymce textwidget\">\n\t<p>Yes, you can pick up food for other households.\u00a0 We will need completed registration and attestation forms as well as proof of address for the household you are picking up for.<\/p>\n<\/div>\n<\/div><\/div><\/div><\/div><\/div>","protected":false},"excerpt":{"rendered":"<p>Come by the pantry any time on Tuesday or Thursday between 10 &#8211; 2 or Wednesday 4 &#8211; 6:30.\u00a0 You will need to complete registration form as well as an attestation form and provide proof of residence on an annual basis. Yes, you must show proof of residence.\u00a0 A valid state issued id (driver&#8217;s license,<a class=\"more-link\" href=\"https:\/\/ggefoodpantry.org\/es\/frequently-asked-questions\/\">Sigue leyendo <span class=\"screen-reader-text\">&#8220;Frequently Asked Questions&#8221;<\/span><\/a><\/p>","protected":false},"author":206987130,"featured_media":0,"parent":0,"menu_order":0,"comment_status":"closed","ping_status":"closed","template":"","meta":{"_coblocks_attr":"","_coblocks_dimensions":"","_coblocks_responsive_height":"","_coblocks_accordion_ie_support":"","_crdt_document":"","advanced_seo_description":"","jetpack_seo_html_title":"","jetpack_seo_noindex":false,"footnotes":""},"class_list":["post-1616","page","type-page","status-publish","hentry","entry"],"jetpack_likes_enabled":true,"jetpack_sharing_enabled":true,"jetpack_shortlink":"https:\/\/wp.me\/Pd72ed-q4","amp_enabled":true,"_links":{"self":[{"href":"https:\/\/ggefoodpantry.org\/es\/wp-json\/wp\/v2\/pages\/1616","targetHints":{"allow":["GET"]}}],"collection":[{"href":"https:\/\/ggefoodpantry.org\/es\/wp-json\/wp\/v2\/pages"}],"about":[{"href":"https:\/\/ggefoodpantry.org\/es\/wp-json\/wp\/v2\/types\/page"}],"author":[{"embeddable":true,"href":"https:\/\/ggefoodpantry.org\/es\/wp-json\/wp\/v2\/users\/206987130"}],"replies":[{"embeddable":true,"href":"https:\/\/ggefoodpantry.org\/es\/wp-json\/wp\/v2\/comments?post=1616"}],"version-history":[{"count":9,"href":"https:\/\/ggefoodpantry.org\/es\/wp-json\/wp\/v2\/pages\/1616\/revisions"}],"predecessor-version":[{"id":2547,"href":"https:\/\/ggefoodpantry.org\/es\/wp-json\/wp\/v2\/pages\/1616\/revisions\/2547"}],"wp:attachment":[{"href":"https:\/\/ggefoodpantry.org\/es\/wp-json\/wp\/v2\/media?parent=1616"}],"curies":[{"name":"wp","href":"https:\/\/api.w.org\/{rel}","templated":true}]}}